{"id":2,"date":"2020-06-01T03:50:09","date_gmt":"2020-06-01T03:50:09","guid":{"rendered":"http:\/\/sw-themes.com\/porto_dummy\/?page_id=2"},"modified":"2020-11-19T09:31:54","modified_gmt":"2020-11-19T12:31:54","slug":"home","status":"publish","type":"page","link":"https:\/\/antigo.emiliacorrea.com.br\/","title":{"rendered":"Home"},"content":{"rendered":"<div class=\"wpb-content-wrapper\"><p>[vc_row wrap_container=&#8221;yes&#8221; css=&#8221;.vc_custom_1599602181402{margin-top: 3% !important;}&#8221;][vc_column][vc_custom_heading text=&#8221;NOT\u00cdCIAS EM DESTAQUES&#8221; font_container=&#8221;tag:h1|text_align:center&#8221; use_theme_fonts=&#8221;yes&#8221;][vc_row_inner][vc_column_inner][\/vc_column_inner][\/vc_row_inner]<div id=\"porto-blog-8462\" class=\"porto-blog wpb_content_element   wpb_custom_9c745ac33a8bb4820cfc6b89805915cc\">\t\t<div class=\"blog-posts posts-grid blog-posts-date\">\r\n\t\t\t<div class=\"posts-container row\">\r\n\t\t\n<article class=\"post post-grid col-md-6 col-lg-4 post-title-simple post-6027 post type-post status-publish format-standard has-post-thumbnail hentry category-noticias\">\n\t<div class=\"grid-box\">\n\t\t\t<div class=\"post-image single\">\n\t\t<div class=\"post-slideshow porto-carousel owl-carousel nav-inside nav-inside-center nav-style-2 show-nav-hover has-ccols ccols-1\" data-plugin-options='{\"nav\":true}'>\n\t\t\t\t\t\t\t\t\t\t\t<a href=\"https:\/\/antigo.emiliacorrea.com.br\/?p=6027\">\n\t\t\t\t\t\t\t\t<div class=\"img-thumbnail\">\n\t\t\t\t\t\t<img loading=\"lazy\" decoding=\"async\" width=\"463\" height=\"348\" src=\"https:\/\/antigo.emiliacorrea.com.br\/wp-content\/uploads\/2024\/08\/IMG_4216-463x348.jpeg\" class=\"owl-lazy img-responsive\" alt=\"\" srcset=\"https:\/\/antigo.emiliacorrea.com.br\/wp-content\/uploads\/2024\/08\/IMG_4216-463x348.jpeg 463w, https:\/\/antigo.emiliacorrea.com.br\/wp-content\/uploads\/2024\/08\/IMG_4216-400x300.jpeg 400w\" sizes=\"(max-width: 463px) 100vw, 463px\" \/>\t\t\t\t\t\t\t\t\t\t\t\t\t<span class=\"zoom\" data-src=\"https:\/\/antigo.emiliacorrea.com.br\/wp-content\/uploads\/2024\/08\/IMG_4216-scaled.jpeg\" data-title=\"\"><i class=\"fas fa-search\"><\/i><\/span>\n\t\t\t\t\t\t\t\t\t\t\t<\/div>\n\t\t\t\t\t\t\t\t<\/a>\n\t\t\t\t\t\t\t\t<\/div>\n\t\t\n\t\t\t\t\t\t\t\t<div class=\"post-date\"><span class=\"day\">10<\/span><span class=\"month\">ago<\/span><time>agosto 10, 2024<\/time><\/div>\t\t\t<\/div>\n\n\t\t<!-- Post meta before content -->\n\t\t<div class=\"post-meta\"><span class=\"meta-cats\"><i class=\"far fa-folder\"><\/i><a href=\"https:\/\/antigo.emiliacorrea.com.br\/?cat=1\" rel=\"category\">Not\u00edcias<\/a><\/span><\/div>\t\t<div class=\"post-content\">\n\n\t\t\t<h4 class=\"entry-title\"><a href=\"https:\/\/antigo.emiliacorrea.com.br\/?p=6027\">Em\u00edlia apresenta solu\u00e7\u00f5es para recuperar e modernizar o Centro Comercial de Aracaju<\/a><\/h4>\n\t\t\t<span class=\"vcard\" style=\"display: none;\"><span class=\"fn\"><a href=\"https:\/\/antigo.emiliacorrea.com.br\/?author=3\" title=\"Posts de Reda\u00e7\u00e3o\" rel=\"author\">Reda\u00e7\u00e3o<\/a><\/span><\/span><span class=\"updated\" style=\"display:none\">2024-08-10T07:06:18-03:00<\/span><p class=\"post-excerpt\">A candidata \u00e0 prefeitura de Aracaju, Em\u00edlia Corr\u00eaa (PL),...<\/p>\t\t\t\t\t<\/div>\n\t\t<!-- Post meta after content -->\n\t\t\t\t<div class=\"clearfix\">\n\t\t\t<a class=\"btn btn-xs btn-default text-xs text-uppercase btn-readmore\" href=\"https:\/\/antigo.emiliacorrea.com.br\/?p=6027\">Leia Mais...<\/a>\n\t\t<\/div>\n\t<\/div>\n<\/article>\n\n<article class=\"post post-grid col-md-6 col-lg-4 post-title-simple post-6024 post type-post status-publish format-standard has-post-thumbnail hentry category-noticias\">\n\t<div class=\"grid-box\">\n\t\t\t<div class=\"post-image single\">\n\t\t<div class=\"post-slideshow porto-carousel owl-carousel nav-inside nav-inside-center nav-style-2 show-nav-hover has-ccols ccols-1\" data-plugin-options='{\"nav\":true}'>\n\t\t\t\t\t\t\t\t\t\t\t<a href=\"https:\/\/antigo.emiliacorrea.com.br\/?p=6024\">\n\t\t\t\t\t\t\t\t<div class=\"img-thumbnail\">\n\t\t\t\t\t\t<img loading=\"lazy\" decoding=\"async\" width=\"463\" height=\"348\" src=\"https:\/\/antigo.emiliacorrea.com.br\/wp-content\/uploads\/2024\/08\/IMG_4136-463x348.jpeg\" class=\"owl-lazy img-responsive\" alt=\"\" srcset=\"https:\/\/antigo.emiliacorrea.com.br\/wp-content\/uploads\/2024\/08\/IMG_4136-463x348.jpeg 463w, https:\/\/antigo.emiliacorrea.com.br\/wp-content\/uploads\/2024\/08\/IMG_4136-400x300.jpeg 400w\" sizes=\"(max-width: 463px) 100vw, 463px\" \/>\t\t\t\t\t\t\t\t\t\t\t\t\t<span class=\"zoom\" data-src=\"https:\/\/antigo.emiliacorrea.com.br\/wp-content\/uploads\/2024\/08\/IMG_4136.jpeg\" data-title=\"\"><i class=\"fas fa-search\"><\/i><\/span>\n\t\t\t\t\t\t\t\t\t\t\t<\/div>\n\t\t\t\t\t\t\t\t<\/a>\n\t\t\t\t\t\t\t\t<\/div>\n\t\t\n\t\t\t\t\t\t\t\t<div class=\"post-date\"><span class=\"day\">07<\/span><span class=\"month\">ago<\/span><time>agosto 7, 2024<\/time><\/div>\t\t\t<\/div>\n\n\t\t<!-- Post meta before content -->\n\t\t<div class=\"post-meta\"><span class=\"meta-cats\"><i class=\"far fa-folder\"><\/i><a href=\"https:\/\/antigo.emiliacorrea.com.br\/?cat=1\" rel=\"category\">Not\u00edcias<\/a><\/span><\/div>\t\t<div class=\"post-content\">\n\n\t\t\t<h4 class=\"entry-title\"><a href=\"https:\/\/antigo.emiliacorrea.com.br\/?p=6024\">Em\u00edlia ressalta leis de sua autoria no dia que se comemora a Lei Maria da Penha<\/a><\/h4>\n\t\t\t<span class=\"vcard\" style=\"display: none;\"><span class=\"fn\"><a href=\"https:\/\/antigo.emiliacorrea.com.br\/?author=3\" title=\"Posts de Reda\u00e7\u00e3o\" rel=\"author\">Reda\u00e7\u00e3o<\/a><\/span><\/span><span class=\"updated\" style=\"display:none\">2024-08-07T19:31:06-03:00<\/span><p class=\"post-excerpt\">A Lei Maria da Penha (Lei 11.340) completa 18...<\/p>\t\t\t\t\t<\/div>\n\t\t<!-- Post meta after content -->\n\t\t\t\t<div class=\"clearfix\">\n\t\t\t<a class=\"btn btn-xs btn-default text-xs text-uppercase btn-readmore\" href=\"https:\/\/antigo.emiliacorrea.com.br\/?p=6024\">Leia Mais...<\/a>\n\t\t<\/div>\n\t<\/div>\n<\/article>\n\n<article class=\"post post-grid col-md-6 col-lg-4 post-title-simple post-6021 post type-post status-publish format-standard has-post-thumbnail hentry category-noticias\">\n\t<div class=\"grid-box\">\n\t\t\t<div class=\"post-image single\">\n\t\t<div class=\"post-slideshow porto-carousel owl-carousel nav-inside nav-inside-center nav-style-2 show-nav-hover has-ccols ccols-1\" data-plugin-options='{\"nav\":true}'>\n\t\t\t\t\t\t\t\t\t\t\t<a href=\"https:\/\/antigo.emiliacorrea.com.br\/?p=6021\">\n\t\t\t\t\t\t\t\t<div class=\"img-thumbnail\">\n\t\t\t\t\t\t<img loading=\"lazy\" decoding=\"async\" width=\"463\" height=\"348\" src=\"https:\/\/antigo.emiliacorrea.com.br\/wp-content\/uploads\/2024\/08\/IMG_4022-463x348.jpeg\" class=\"owl-lazy img-responsive\" alt=\"\" srcset=\"https:\/\/antigo.emiliacorrea.com.br\/wp-content\/uploads\/2024\/08\/IMG_4022-463x348.jpeg 463w, https:\/\/antigo.emiliacorrea.com.br\/wp-content\/uploads\/2024\/08\/IMG_4022-400x300.jpeg 400w\" sizes=\"(max-width: 463px) 100vw, 463px\" \/>\t\t\t\t\t\t\t\t\t\t\t\t\t<span class=\"zoom\" data-src=\"https:\/\/antigo.emiliacorrea.com.br\/wp-content\/uploads\/2024\/08\/IMG_4022.jpeg\" data-title=\"\"><i class=\"fas fa-search\"><\/i><\/span>\n\t\t\t\t\t\t\t\t\t\t\t<\/div>\n\t\t\t\t\t\t\t\t<\/a>\n\t\t\t\t\t\t\t\t<\/div>\n\t\t\n\t\t\t\t\t\t\t\t<div class=\"post-date\"><span class=\"day\">05<\/span><span class=\"month\">ago<\/span><time>agosto 5, 2024<\/time><\/div>\t\t\t<\/div>\n\n\t\t<!-- Post meta before content -->\n\t\t<div class=\"post-meta\"><span class=\"meta-cats\"><i class=\"far fa-folder\"><\/i><a href=\"https:\/\/antigo.emiliacorrea.com.br\/?cat=1\" rel=\"category\">Not\u00edcias<\/a><\/span><\/div>\t\t<div class=\"post-content\">\n\n\t\t\t<h4 class=\"entry-title\"><a href=\"https:\/\/antigo.emiliacorrea.com.br\/?p=6021\">No Dia Nacional da Sa\u00fade, Em\u00edlia aponta solu\u00e7\u00e3o para falta de rem\u00e9dios nas UBSs de Aracaju<\/a><\/h4>\n\t\t\t<span class=\"vcard\" style=\"display: none;\"><span class=\"fn\"><a href=\"https:\/\/antigo.emiliacorrea.com.br\/?author=3\" title=\"Posts de Reda\u00e7\u00e3o\" rel=\"author\">Reda\u00e7\u00e3o<\/a><\/span><\/span><span class=\"updated\" style=\"display:none\">2024-08-05T08:54:20-03:00<\/span><p class=\"post-excerpt\">Neste 5 de agosto, \u00e9 comemorado o Dia Nacional...<\/p>\t\t\t\t\t<\/div>\n\t\t<!-- Post meta after content -->\n\t\t\t\t<div class=\"clearfix\">\n\t\t\t<a class=\"btn btn-xs btn-default text-xs text-uppercase btn-readmore\" href=\"https:\/\/antigo.emiliacorrea.com.br\/?p=6021\">Leia Mais...<\/a>\n\t\t<\/div>\n\t<\/div>\n<\/article>\n\n<article class=\"post post-grid col-md-6 col-lg-4 post-title-simple post-6016 post type-post status-publish format-standard has-post-thumbnail hentry category-noticias\">\n\t<div class=\"grid-box\">\n\t\t\t<div class=\"post-image single\">\n\t\t<div class=\"post-slideshow porto-carousel owl-carousel nav-inside nav-inside-center nav-style-2 show-nav-hover has-ccols ccols-1\" data-plugin-options='{\"nav\":true}'>\n\t\t\t\t\t\t\t\t\t\t\t<a href=\"https:\/\/antigo.emiliacorrea.com.br\/?p=6016\">\n\t\t\t\t\t\t\t\t<div class=\"img-thumbnail\">\n\t\t\t\t\t\t<img loading=\"lazy\" decoding=\"async\" width=\"463\" height=\"348\" src=\"https:\/\/antigo.emiliacorrea.com.br\/wp-content\/uploads\/2024\/08\/IMG_3873-463x348.jpeg\" class=\"owl-lazy img-responsive\" alt=\"\" srcset=\"https:\/\/antigo.emiliacorrea.com.br\/wp-content\/uploads\/2024\/08\/IMG_3873-463x348.jpeg 463w, https:\/\/antigo.emiliacorrea.com.br\/wp-content\/uploads\/2024\/08\/IMG_3873-400x300.jpeg 400w\" sizes=\"(max-width: 463px) 100vw, 463px\" \/>\t\t\t\t\t\t\t\t\t\t\t\t\t<span class=\"zoom\" data-src=\"https:\/\/antigo.emiliacorrea.com.br\/wp-content\/uploads\/2024\/08\/IMG_3873.jpeg\" data-title=\"\"><i class=\"fas fa-search\"><\/i><\/span>\n\t\t\t\t\t\t\t\t\t\t\t<\/div>\n\t\t\t\t\t\t\t\t<\/a>\n\t\t\t\t\t\t\t\t<\/div>\n\t\t\n\t\t\t\t\t\t\t\t<div class=\"post-date\"><span class=\"day\">01<\/span><span class=\"month\">ago<\/span><time>agosto 1, 2024<\/time><\/div>\t\t\t<\/div>\n\n\t\t<!-- Post meta before content -->\n\t\t<div class=\"post-meta\"><span class=\"meta-cats\"><i class=\"far fa-folder\"><\/i><a href=\"https:\/\/antigo.emiliacorrea.com.br\/?cat=1\" rel=\"category\">Not\u00edcias<\/a><\/span><\/div>\t\t<div class=\"post-content\">\n\n\t\t\t<h4 class=\"entry-title\"><a href=\"https:\/\/antigo.emiliacorrea.com.br\/?p=6016\">Cria\u00e7\u00e3o de autarquia municipal \u00e9 uma das inova\u00e7\u00f5es de Em\u00edlia para o turismo em Aracaju<\/a><\/h4>\n\t\t\t<span class=\"vcard\" style=\"display: none;\"><span class=\"fn\"><a href=\"https:\/\/antigo.emiliacorrea.com.br\/?author=3\" title=\"Posts de Reda\u00e7\u00e3o\" rel=\"author\">Reda\u00e7\u00e3o<\/a><\/span><\/span><span class=\"updated\" style=\"display:none\">2024-08-01T15:06:05-03:00<\/span><p class=\"post-excerpt\">As a\u00e7\u00f5es voltadas ao turismo ganharam destaque no Plano...<\/p>\t\t\t\t\t<\/div>\n\t\t<!-- Post meta after content -->\n\t\t\t\t<div class=\"clearfix\">\n\t\t\t<a class=\"btn btn-xs btn-default text-xs text-uppercase btn-readmore\" href=\"https:\/\/antigo.emiliacorrea.com.br\/?p=6016\">Leia Mais...<\/a>\n\t\t<\/div>\n\t<\/div>\n<\/article>\n\n<article class=\"post post-grid col-md-6 col-lg-4 post-title-simple post-6013 post type-post status-publish format-standard has-post-thumbnail hentry category-noticias\">\n\t<div class=\"grid-box\">\n\t\t\t<div class=\"post-image single\">\n\t\t<div class=\"post-slideshow porto-carousel owl-carousel nav-inside nav-inside-center nav-style-2 show-nav-hover has-ccols ccols-1\" data-plugin-options='{\"nav\":true}'>\n\t\t\t\t\t\t\t\t\t\t\t<a href=\"https:\/\/antigo.emiliacorrea.com.br\/?p=6013\">\n\t\t\t\t\t\t\t\t<div class=\"img-thumbnail\">\n\t\t\t\t\t\t<img loading=\"lazy\" decoding=\"async\" width=\"463\" height=\"348\" src=\"https:\/\/antigo.emiliacorrea.com.br\/wp-content\/uploads\/2024\/08\/IMG_3872-463x348.jpeg\" class=\"owl-lazy img-responsive\" alt=\"\" srcset=\"https:\/\/antigo.emiliacorrea.com.br\/wp-content\/uploads\/2024\/08\/IMG_3872-463x348.jpeg 463w, https:\/\/antigo.emiliacorrea.com.br\/wp-content\/uploads\/2024\/08\/IMG_3872-400x300.jpeg 400w\" sizes=\"(max-width: 463px) 100vw, 463px\" \/>\t\t\t\t\t\t\t\t\t\t\t\t\t<span class=\"zoom\" data-src=\"https:\/\/antigo.emiliacorrea.com.br\/wp-content\/uploads\/2024\/08\/IMG_3872.jpeg\" data-title=\"\"><i class=\"fas fa-search\"><\/i><\/span>\n\t\t\t\t\t\t\t\t\t\t\t<\/div>\n\t\t\t\t\t\t\t\t<\/a>\n\t\t\t\t\t\t\t\t<\/div>\n\t\t\n\t\t\t\t\t\t\t\t<div class=\"post-date\"><span class=\"day\">01<\/span><span class=\"month\">ago<\/span><time>agosto 1, 2024<\/time><\/div>\t\t\t<\/div>\n\n\t\t<!-- Post meta before content -->\n\t\t<div class=\"post-meta\"><span class=\"meta-cats\"><i class=\"far fa-folder\"><\/i><a href=\"https:\/\/antigo.emiliacorrea.com.br\/?cat=1\" rel=\"category\">Not\u00edcias<\/a><\/span><\/div>\t\t<div class=\"post-content\">\n\n\t\t\t<h4 class=\"entry-title\"><a href=\"https:\/\/antigo.emiliacorrea.com.br\/?p=6013\">Em\u00edlia destaca compromisso com o aleitamento materno em seu Plano de Solu\u00e7\u00f5es<\/a><\/h4>\n\t\t\t<span class=\"vcard\" style=\"display: none;\"><span class=\"fn\"><a href=\"https:\/\/antigo.emiliacorrea.com.br\/?author=3\" title=\"Posts de Reda\u00e7\u00e3o\" rel=\"author\">Reda\u00e7\u00e3o<\/a><\/span><\/span><span class=\"updated\" style=\"display:none\">2024-08-01T15:04:09-03:00<\/span><p class=\"post-excerpt\">Hoje, 1\u00ba de agosto, tem in\u00edcio a Semana Mundial...<\/p>\t\t\t\t\t<\/div>\n\t\t<!-- Post meta after content -->\n\t\t\t\t<div class=\"clearfix\">\n\t\t\t<a class=\"btn btn-xs btn-default text-xs text-uppercase btn-readmore\" href=\"https:\/\/antigo.emiliacorrea.com.br\/?p=6013\">Leia Mais...<\/a>\n\t\t<\/div>\n\t<\/div>\n<\/article>\n\n<article class=\"post post-grid col-md-6 col-lg-4 post-title-simple post-6010 post type-post status-publish format-standard has-post-thumbnail hentry category-noticias\">\n\t<div class=\"grid-box\">\n\t\t\t<div class=\"post-image single\">\n\t\t<div class=\"post-slideshow porto-carousel owl-carousel nav-inside nav-inside-center nav-style-2 show-nav-hover has-ccols ccols-1\" data-plugin-options='{\"nav\":true}'>\n\t\t\t\t\t\t\t\t\t\t\t<a href=\"https:\/\/antigo.emiliacorrea.com.br\/?p=6010\">\n\t\t\t\t\t\t\t\t<div class=\"img-thumbnail\">\n\t\t\t\t\t\t<img loading=\"lazy\" decoding=\"async\" width=\"463\" height=\"348\" src=\"https:\/\/antigo.emiliacorrea.com.br\/wp-content\/uploads\/2024\/07\/61a43b2b-0914-4d22-b057-0062bc57b02e-463x348.jpeg\" class=\"owl-lazy img-responsive\" alt=\"\" srcset=\"https:\/\/antigo.emiliacorrea.com.br\/wp-content\/uploads\/2024\/07\/61a43b2b-0914-4d22-b057-0062bc57b02e-463x348.jpeg 463w, https:\/\/antigo.emiliacorrea.com.br\/wp-content\/uploads\/2024\/07\/61a43b2b-0914-4d22-b057-0062bc57b02e-400x300.jpeg 400w\" sizes=\"(max-width: 463px) 100vw, 463px\" \/>\t\t\t\t\t\t\t\t\t\t\t\t\t<span class=\"zoom\" data-src=\"https:\/\/antigo.emiliacorrea.com.br\/wp-content\/uploads\/2024\/07\/61a43b2b-0914-4d22-b057-0062bc57b02e-scaled.jpeg\" data-title=\"\"><i class=\"fas fa-search\"><\/i><\/span>\n\t\t\t\t\t\t\t\t\t\t\t<\/div>\n\t\t\t\t\t\t\t\t<\/a>\n\t\t\t\t\t\t\t\t<\/div>\n\t\t\n\t\t\t\t\t\t\t\t<div class=\"post-date\"><span class=\"day\">26<\/span><span class=\"month\">jul<\/span><time>julho 26, 2024<\/time><\/div>\t\t\t<\/div>\n\n\t\t<!-- Post meta before content -->\n\t\t<div class=\"post-meta\"><span class=\"meta-cats\"><i class=\"far fa-folder\"><\/i><a href=\"https:\/\/antigo.emiliacorrea.com.br\/?cat=1\" rel=\"category\">Not\u00edcias<\/a><\/span><\/div>\t\t<div class=\"post-content\">\n\n\t\t\t<h4 class=\"entry-title\"><a href=\"https:\/\/antigo.emiliacorrea.com.br\/?p=6010\">Em Recife, Em\u00edlia e Ricardo conhecem projetos voltados \u00e0 inova\u00e7\u00e3o<\/a><\/h4>\n\t\t\t<span class=\"vcard\" style=\"display: none;\"><span class=\"fn\"><a href=\"https:\/\/antigo.emiliacorrea.com.br\/?author=3\" title=\"Posts de Reda\u00e7\u00e3o\" rel=\"author\">Reda\u00e7\u00e3o<\/a><\/span><\/span><span class=\"updated\" style=\"display:none\">2024-07-26T10:59:59-03:00<\/span><p class=\"post-excerpt\">&nbsp;\r\n\r\nEm\u00edlia Corr\u00eaa e Ricardo Marques, candidatos a prefeito e...<\/p>\t\t\t\t\t<\/div>\n\t\t<!-- Post meta after content -->\n\t\t\t\t<div class=\"clearfix\">\n\t\t\t<a class=\"btn btn-xs btn-default text-xs text-uppercase btn-readmore\" href=\"https:\/\/antigo.emiliacorrea.com.br\/?p=6010\">Leia Mais...<\/a>\n\t\t<\/div>\n\t<\/div>\n<\/article>\n\r\n\t\r\n\t\t\t<\/div>\r\n\t\t<\/div>\r\n\r\n\t\r\n\t\r\n\t<\/div>[vc_btn title=&#8221;Veja Mais&#8221; style=&#8221;outline&#8221; shape=&#8221;square&#8221; color=&#8221;default&#8221; size=&#8221;xl&#8221; align=&#8221;center&#8221; skin=&#8221;primary&#8221; animation_duration=&#8221;&#8221; animation_delay=&#8221;&#8221; link=&#8221;url:%2Fnoticias|||&#8221;][\/vc_column][\/vc_row][vc_row content_placement=&#8221;middle&#8221; wrap_container=&#8221;yes&#8221; el_class=&#8221;section-angled section-angled-layer-bottom row-justify-content-center mb-5 mb-lg-0&#8243; css=&#8221;.vc_custom_1599602248949{margin-bottom: -30px !important;padding-top: 5rem !important;background-color: #cce5ff !important;}&#8221;][vc_column width=&#8221;2\/3&#8243; offset=&#8221;vc_col-lg-6&#8243; el_class=&#8221;mb-md-5 mb-xl-4 pb-xl-5&#8243;][vc_row_inner][vc_column_inner width=&#8221;1\/6&#8243;][\/vc_column_inner][vc_column_inner width=&#8221;2\/3&#8243;][vc_single_image image=&#8221;3474&#8243; img_size=&#8221;full&#8221; alignment=&#8221;center&#8221; style=&#8221;vc_box_border_circle&#8221; animation_delay=&#8221;200&#8243; el_class=&#8221;max-w-90 mb-0 pc-img&#8221; animation_type=&#8221;fadeIn&#8221;][\/vc_column_inner][vc_column_inner width=&#8221;1\/6&#8243;][\/vc_column_inner][\/vc_row_inner][\/vc_column][vc_column offset=&#8221;vc_col-lg-6&#8243; el_class=&#8221;pl-md-4 pl-xl-5 py-lg-5 pt-xl-0&#8243;][vc_custom_heading text=&#8221;MINHA HIST\u00d3RIA&#8221; font_container=&#8221;tag:p|text_align:left&#8221; use_theme_fonts=&#8221;yes&#8221; el_class=&#8221;mt-5 mb-1&#8243;][vc_custom_heading text=&#8221;Saiba mais sobre Mim&#8221; font_container=&#8221;tag:h2|font_size:1.75rem|text_align:left|line_height:1&#8243; use_theme_fonts=&#8221;yes&#8221; el_class=&#8221;mb-2&#8243;][vc_custom_heading text=&#8221;Lagartense, filha de Jos\u00e9 Corr\u00eaa Sobrinho e Orlette Corr\u00eaa Santos, Defensora P\u00fablica aposentada, comunicadora de r\u00e1dio e Tv e vereadora eleita por Aracaju.<\/p>\n<p>Foi Corregedora Geral e Secret\u00e1ria Geral da Defensoria P\u00fablica do Estado de Sergipe, Presidente do Tribunal de \u00c9tica e Conselheira da OAB\/SE, segunda advogada mais votada na lista s\u00eaxtupla da OAB\/SE, como tamb\u00e9m segunda advogada mais votada para compor a lista tr\u00edplice do Tribunal de Justi\u00e7a de Sergipe para concorrer a vaga de desembargadora.&#8221; font_container=&#8221;tag:p|text_align:left&#8221; use_theme_fonts=&#8221;yes&#8221; el_class=&#8221;mb-3&#8243;][vc_custom_heading text=&#8221;VEJA MAIS+&#8221; font_container=&#8221;tag:p|text_align:left&#8221; use_theme_fonts=&#8221;yes&#8221; font_weight=&#8221;700&#8243; skin=&#8221;primary&#8221; link=&#8221;url:http%3A%2F%2Fquem-sou|title:Sobre%20Mim||&#8221; el_class=&#8221;mb-3&#8243;][\/vc_column][\/vc_row][vc_row css=&#8221;.vc_custom_1595614454957{margin-right: -18% !important;margin-bottom: 4% !important;margin-left: -18% !important;padding-top: 60px !important;padding-bottom: 50px !important;background-image: url(https:\/\/emiliacorrea.r2sites.digital\/wp-content\/uploads\/2020\/07\/breadcrumb-1.jpg?id=3476) !important;}&#8221;][vc_column][vc_row_inner][vc_column_inner][vc_custom_heading text=&#8221;Acompanhe Nosso Instagram&#8221; font_container=&#8221;tag:h2|text_align:center&#8221; use_theme_fonts=&#8221;yes&#8221;][vc_separator color=&#8221;custom&#8221; border_width=&#8221;3&#8243; el_width=&#8221;20&#8243; style=&#8221;solid&#8221; accent_color=&#8221;#62d400&#8243;][vc_raw_html]JTVCaW5zdGFncmFtLWZlZWQlNUQ=[\/vc_raw_html][\/vc_column_inner][\/vc_row_inner][\/vc_column][\/vc_row][vc_row wrap_container=&#8221;yes&#8221; css=&#8221;.vc_custom_1599602647351{margin-top: 4% !important;margin-bottom: 4% !important;}&#8221;][vc_column][vc_row_inner][vc_column_inner][vc_custom_heading text=&#8221;Nossos V\u00eddeos&#8221; font_container=&#8221;tag:h2|text_align:center&#8221; use_theme_fonts=&#8221;yes&#8221;][vc_separator color=&#8221;custom&#8221; border_width=&#8221;3&#8243; el_width=&#8221;20&#8243; style=&#8221;solid&#8221; accent_color=&#8221;#62d400&#8243;][\/vc_column_inner][\/vc_row_inner][vc_row_inner][vc_column_inner width=&#8221;1\/3&#8243;][vc_raw_html]JTNDaWZyYW1lJTIwd2lkdGglM0QlMjIxMDAlMjUlMjIlMjBoZWlnaHQlM0QlMjIzMTUlMjIlMjBzcmMlM0QlMjJodHRwcyUzQSUyRiUyRnd3dy55b3V0dWJlLmNvbSUyRmVtYmVkJTJGN3E2a1BGTTdQVEElMjIlMjBmcmFtZWJvcmRlciUzRCUyMjAlMjIlMjBhbGxvdyUzRCUyMmFjY2VsZXJvbWV0ZXIlM0IlMjBhdXRvcGxheSUzQiUyMGVuY3J5cHRlZC1tZWRpYSUzQiUyMGd5cm9zY29wZSUzQiUyMHBpY3R1cmUtaW4tcGljdHVyZSUyMiUyMGFsbG93ZnVsbHNjcmVlbiUzRSUzQyUyRmlmcmFtZSUzRQ==[\/vc_raw_html][\/vc_column_inner][vc_column_inner width=&#8221;1\/3&#8243;][vc_raw_html]JTNDaWZyYW1lJTIwd2lkdGglM0QlMjIxMDAlMjUlMjIlMjBoZWlnaHQlM0QlMjIzMTUlMjIlMjBzcmMlM0QlMjJodHRwcyUzQSUyRiUyRnd3dy55b3V0dWJlLmNvbSUyRmVtYmVkJTJGMGl5SU1aZkVXYXclMjIlMjBmcmFtZWJvcmRlciUzRCUyMjAlMjIlMjBhbGxvdyUzRCUyMmFjY2VsZXJvbWV0ZXIlM0IlMjBhdXRvcGxheSUzQiUyMGVuY3J5cHRlZC1tZWRpYSUzQiUyMGd5cm9zY29wZSUzQiUyMHBpY3R1cmUtaW4tcGljdHVyZSUyMiUyMGFsbG93ZnVsbHNjcmVlbiUzRSUzQyUyRmlmcmFtZSUzRQ==[\/vc_raw_html][\/vc_column_inner][vc_column_inner width=&#8221;1\/3&#8243;][vc_raw_html]JTNDaWZyYW1lJTIwd2lkdGglM0QlMjIxMDAlMjUlMjIlMjBoZWlnaHQlM0QlMjIzMTUlMjIlMjBzcmMlM0QlMjJodHRwcyUzQSUyRiUyRnd3dy55b3V0dWJlLmNvbSUyRmVtYmVkJTJGdC1Vbmh2TUNfUWclMjIlMjBmcmFtZWJvcmRlciUzRCUyMjAlMjIlMjBhbGxvdyUzRCUyMmFjY2VsZXJvbWV0ZXIlM0IlMjBhdXRvcGxheSUzQiUyMGVuY3J5cHRlZC1tZWRpYSUzQiUyMGd5cm9zY29wZSUzQiUyMHBpY3R1cmUtaW4tcGljdHVyZSUyMiUyMGFsbG93ZnVsbHNjcmVlbiUzRSUzQyUyRmlmcmFtZSUzRQ==[\/vc_raw_html][\/vc_column_inner][\/vc_row_inner][vc_btn title=&#8221;Ver Mais&#8221; style=&#8221;outline&#8221; shape=&#8221;square&#8221; color=&#8221;default&#8221; size=&#8221;xl&#8221; align=&#8221;center&#8221; skin=&#8221;primary&#8221; link=&#8221;url:%2Fvideos|||&#8221;][\/vc_column][\/vc_row]<\/p>\n<\/div>","protected":false},"excerpt":{"rendered":"<p>[vc_row wrap_container=&#8221;yes&#8221; css=&#8221;.vc_custom_1599602181402{margin-top: 3% !important;}&#8221;][vc_column][vc_custom_heading text=&#8221;NOT\u00cdCIAS EM DESTAQUES&#8221; font_container=&#8221;tag:h1|text_align:center&#8221; use_theme_fonts=&#8221;yes&#8221;][vc_row_inner][vc_column_inner][\/vc_column_inner][\/vc_row_inner][vc_btn title=&#8221;Veja Mais&#8221; style=&#8221;outline&#8221; shape=&#8221;square&#8221; color=&#8221;default&#8221; size=&#8221;xl&#8221; align=&#8221;center&#8221; skin=&#8221;primary&#8221; animation_duration=&#8221;&#8221; animation_delay=&#8221;&#8221; link=&#8221;url:%2Fnoticias|||&#8221;][\/vc_column][\/vc_row][vc_row content_placement=&#8221;middle&#8221; wrap_container=&#8221;yes&#8221; el_class=&#8221;section-angled section-angled-layer-bottom row-justify-content-center mb-5 mb-lg-0&#8243; css=&#8221;.vc_custom_1599602248949{margin-bottom: -30px !important;padding-top: 5rem !important;background-color: #cce5ff !important;}&#8221;][vc_column width=&#8221;2\/3&#8243; offset=&#8221;vc_col-lg-6&#8243; el_class=&#8221;mb-md-5 mb-xl-4 pb-xl-5&#8243;][vc_row_inner][vc_column_inner width=&#8221;1\/6&#8243;][\/vc_column_inner][vc_column_inner width=&#8221;2\/3&#8243;][vc_single_image image=&#8221;3474&#8243; img_size=&#8221;full&#8221; alignment=&#8221;center&#8221; style=&#8221;vc_box_border_circle&#8221; animation_delay=&#8221;200&#8243; el_class=&#8221;max-w-90 mb-0 pc-img&#8221; animation_type=&#8221;fadeIn&#8221;][\/vc_column_inner][vc_column_inner width=&#8221;1\/6&#8243;][\/vc_column_inner][\/vc_row_inner][\/vc_column][vc_column offset=&#8221;vc_col-lg-6&#8243; el_class=&#8221;pl-md-4 pl-xl-5 [&hellip;]<\/p>\n","protected":false},"author":1,"featured_media":0,"parent":0,"menu_order":0,"comment_status":"closed","ping_status":"closed","template":"","meta":{"ngg_post_thumbnail":0,"footnotes":""},"class_list":["post-2","page","type-page","status-publish","hentry"],"_links":{"self":[{"href":"https:\/\/antigo.emiliacorrea.com.br\/index.php?rest_route=\/wp\/v2\/pages\/2"}],"collection":[{"href":"https:\/\/antigo.emiliacorrea.com.br\/index.php?rest_route=\/wp\/v2\/pages"}],"about":[{"href":"https:\/\/antigo.emiliacorrea.com.br\/index.php?rest_route=\/wp\/v2\/types\/page"}],"author":[{"embeddable":true,"href":"https:\/\/antigo.emiliacorrea.com.br\/index.php?rest_route=\/wp\/v2\/users\/1"}],"replies":[{"embeddable":true,"href":"https:\/\/antigo.emiliacorrea.com.br\/index.php?rest_route=%2Fwp%2Fv2%2Fcomments&post=2"}],"version-history":[{"count":49,"href":"https:\/\/antigo.emiliacorrea.com.br\/index.php?rest_route=\/wp\/v2\/pages\/2\/revisions"}],"predecessor-version":[{"id":4029,"href":"https:\/\/antigo.emiliacorrea.com.br\/index.php?rest_route=\/wp\/v2\/pages\/2\/revisions\/4029"}],"wp:attachment":[{"href":"https:\/\/antigo.emiliacorrea.com.br\/index.php?rest_route=%2Fwp%2Fv2%2Fmedia&parent=2"}],"curies":[{"name":"wp","href":"https:\/\/api.w.org\/{rel}","templated":true}]}}