{"id":37,"date":"2020-06-01T08:12:53","date_gmt":"2020-06-01T08:12:53","guid":{"rendered":"http:\/\/sw-themes.com\/porto_dummy\/?page_id=37"},"modified":"2024-03-07T08:28:55","modified_gmt":"2024-03-07T11:28:55","slug":"quem-sou","status":"publish","type":"page","link":"https:\/\/antigo.emiliacorrea.com.br\/?page_id=37","title":{"rendered":"Quem Sou Eu"},"content":{"rendered":"<div class=\"wpb-content-wrapper\"><p>[vc_row wrap_container=&#8221;yes&#8221; is_section=&#8221;yes&#8221; section_skin=&#8221;parallax&#8221; remove_margin_top=&#8221;yes&#8221; remove_margin_bottom=&#8221;yes&#8221; remove_border=&#8221;yes&#8221; el_class=&#8221;mt-2&#8243;][vc_column][vc_custom_heading text=&#8221;Sobre Em\u00edlia Corr\u00eaa Santos Bezerra&#8221; font_container=&#8221;tag:h2|text_align:center&#8221; use_theme_fonts=&#8221;yes&#8221; skin=&#8221;tertiary&#8221;][vc_column_text css=&#8221;.vc_custom_1679605146470{margin-top: 4% !important;}&#8221;]<\/p>\n<p style=\"text-align: center;\">Lagartense, casada, filha de Jos\u00e9 Corr\u00eaa Sobrinho e Orlette Corr\u00eaa Santos, Defensora P\u00fablica aposentada, comunicadora de r\u00e1dio e Tv vereadora reeleita por Aracaju e Presidente da Procuradoria da Mulher na C\u00e2mara de Vereadores.<\/p>\n<p style=\"text-align: center;\">Foi Corregedora Geral e Secret\u00e1ria Geral da Defensoria P\u00fablica do Estado de Sergipe, Presidente do Tribunal de \u00c9tica e Conselheira da OAB\/SE, segunda advogada mais votada na lista s\u00eaxtupla da OAB\/SE, como tamb\u00e9m segunda advogada mais votada para compor a lista tr\u00edplice do Tribunal de Justi\u00e7a de Sergipe para concorrer a vaga de desembargadora.<\/p>\n<p style=\"text-align: center;\">Tamb\u00e9m foi professora de Direito Constitucional na UNIT, palestrante em eventos jur\u00eddicos a n\u00edvel nacional, e ainda, possui artigos publicados em revistas especializadas em direito. P\u00f3s graduada em Direito P\u00fablico e Ci\u00eancias Penais.<\/p>\n<p style=\"text-align: center;\">Em 2006 foi condecorada como Cidad\u00e3 Aracajuana concedido pela C\u00e2mara Municipal de Aracaju \u2013 SE.<\/p>\n<p style=\"text-align: center;\">Foi criadora e apresentadora do primeiro programa de TV na \u00e1rea Jur\u00eddica do Pa\u00eds \u2013 Quest\u00e3o de Direito, o qual ficou no ar por 11 anos \u2013 1998 a 2009.<\/p>\n<p style=\"text-align: center;\">Em 2012 com 3.952 ficou como suplente, em 2016 se elegeu com 3652 ficando entre os 15 mais bem votados.<\/p>\n<p style=\"text-align: center;\">Em 2018 foi candidata a uma das vagas deputada federal por Sergipe, obtendo 52.921 votos, a sexta mais bem votada no Estado, mas n\u00e3o assumiu por conta da legenda.<br \/>\nEm 2020 foi reeleita vereadora com 5.025 votos, sendo a 2\u00aa mais votada em Aracaju.<\/p>\n<p style=\"text-align: center;\">Em 2022 participou da sua primeira campanha majorit\u00e1ria, concorrendo ao cargo de vice-governadora de Sergipe, onde obteve 457.9222 votos.<\/p>\n<p>[\/vc_column_text][vc_custom_heading text=&#8221;Conhe\u00e7a a minha hist\u00f3ria&#8221; font_container=&#8221;tag:h4|text_align:center&#8221; use_theme_fonts=&#8221;yes&#8221; skin=&#8221;primary&#8221;][\/vc_column][\/vc_row]<\/p>\n<\/div>","protected":false},"excerpt":{"rendered":"<p>[vc_row wrap_container=&#8221;yes&#8221; is_section=&#8221;yes&#8221; section_skin=&#8221;parallax&#8221; remove_margin_top=&#8221;yes&#8221; remove_margin_bottom=&#8221;yes&#8221; remove_border=&#8221;yes&#8221; el_class=&#8221;mt-2&#8243;][vc_column][vc_custom_heading text=&#8221;Sobre Em\u00edlia Corr\u00eaa Santos Bezerra&#8221; font_container=&#8221;tag:h2|text_align:center&#8221; use_theme_fonts=&#8221;yes&#8221; skin=&#8221;tertiary&#8221;][vc_column_text css=&#8221;.vc_custom_1679605146470{margin-top: 4% !important;}&#8221;] Lagartense, casada, filha de Jos\u00e9 Corr\u00eaa Sobrinho e Orlette Corr\u00eaa Santos, Defensora P\u00fablica aposentada, comunicadora de r\u00e1dio e Tv vereadora reeleita por Aracaju e Presidente da Procuradoria da Mulher na C\u00e2mara de Vereadores. Foi Corregedora Geral [&hellip;]<\/p>\n","protected":false},"author":1,"featured_media":0,"parent":0,"menu_order":0,"comment_status":"closed","ping_status":"closed","template":"","meta":{"ngg_post_thumbnail":0,"footnotes":""},"class_list":["post-37","page","type-page","status-publish","hentry"],"_links":{"self":[{"href":"https:\/\/antigo.emiliacorrea.com.br\/index.php?rest_route=\/wp\/v2\/pages\/37"}],"collection":[{"href":"https:\/\/antigo.emiliacorrea.com.br\/index.php?rest_route=\/wp\/v2\/pages"}],"about":[{"href":"https:\/\/antigo.emiliacorrea.com.br\/index.php?rest_route=\/wp\/v2\/types\/page"}],"author":[{"embeddable":true,"href":"https:\/\/antigo.emiliacorrea.com.br\/index.php?rest_route=\/wp\/v2\/users\/1"}],"replies":[{"embeddable":true,"href":"https:\/\/antigo.emiliacorrea.com.br\/index.php?rest_route=%2Fwp%2Fv2%2Fcomments&post=37"}],"version-history":[{"count":20,"href":"https:\/\/antigo.emiliacorrea.com.br\/index.php?rest_route=\/wp\/v2\/pages\/37\/revisions"}],"predecessor-version":[{"id":5838,"href":"https:\/\/antigo.emiliacorrea.com.br\/index.php?rest_route=\/wp\/v2\/pages\/37\/revisions\/5838"}],"wp:attachment":[{"href":"https:\/\/antigo.emiliacorrea.com.br\/index.php?rest_route=%2Fwp%2Fv2%2Fmedia&parent=37"}],"curies":[{"name":"wp","href":"https:\/\/api.w.org\/{rel}","templated":true}]}}